{"id":7,"date":"2024-12-11T16:05:52","date_gmt":"2024-12-11T16:05:52","guid":{"rendered":"https:\/\/scoala1moreni.ro\/nou\/?page_id=7"},"modified":"2025-10-16T13:29:36","modified_gmt":"2025-10-16T11:29:36","slug":"prima-pagina","status":"publish","type":"page","link":"https:\/\/scoala1moreni.ro\/nou\/","title":{"rendered":"Prima pagin\u0103"},"content":{"rendered":"<h2>\n<\/h2>\n<h2><a href=\"https:\/\/www.facebook.com\/groups\/999813810036528\/permalink\/30895066186751229\/\" target=\"_blank\">Scoala Europeana 2025-2028<br \/>\nhttps:\/\/www.facebook.com\/groups\/999813810036528\/permalink\/30895066186751229\/<\/a><\/h2>\n<p>Acreditare Erasmus\u00a0 \ud83d\udc49\u00a0\u00a0<a style=\"color: inherit; pointer-events: all; font-family: 'Open Sans', sans-serif; font-variant-ligatures: none;\" href=\"https:\/\/scoala1comunicari.wixsite.com\/acreditareerasmus-1\" target=\"_blank\" rel=\"noopener\">scoala1comunicari.wixsite.com\/acreditareerasmus-1\u00a0<\/a><\/p>\n<p><a style=\"color: inherit; pointer-events: all; font-family: 'Open Sans', sans-serif; font-variant-ligatures: none;\" href=\"https:\/\/drive.google.com\/file\/d\/1HEh3fQIjCk_alqLeuaDo9WZT-aDdDUgn\/view?usp=sharing\" target=\"_blank\" rel=\"noopener\">Codul de etic\u0103<\/a><\/p>\n<p>Oferta \u0218colii Gimnaziale Nr.1 Moreni\u00a0<\/p>\n<p><strong>Calendarul de inscriere in invatamantul primar pentru anul scolar 2025-2026<\/strong><strong>Etapa I 31.03.2025-06.05.2025<\/strong><\/p>\n<ul>\n<li>Completarea cererilor-tip de inscriere la unitatea de invatamant<\/li>\n<\/ul>\n<ul>\n<li>Depunerea cererilor-tip de inscriere la unitatea de invatamant, inclusiv a recomandarii de inscriere in clasa pregatitoare, dupa caz.<\/li>\n<\/ul>\n<p><strong>Etapa II 23-29.05.2025<\/strong><\/p>\n<ul>\n<li>Depunerea cererii-tip de inscriere la secretariatul unitatii de invatamant aflate pe prima pozitie dintre cele trei optiuni exprimate pentru etapa a doua de catre parintii copiilor care nu au fost cuprinsi in nici o unitate de invatamant in etapa anterioara sau care nu au participat la prima etapa.<\/li>\n<\/ul>\n<ul>\n<li>Program de lucru 9:00 -14:00, de luni p\u00e2na vineri.<\/li>\n<\/ul>\n<p> \ud83d\udc49<a href=\"https:\/\/drive.google.com\/file\/d\/1Bgiz9tkXERFVesj96JZL6YiNLOHs2QQf\/view?usp=sharing\" target=\"_blank\" rel=\"noopener\"> An \u0219colar 2025-2026\u00a0<\/a><\/p>\n<p>\ud83d\udc49 <a href=\"https:\/\/drive.google.com\/file\/d\/1i6HwK8HzJughqoqSC1QxBoh5af2fWLkX\/view?usp=sharing\"><strong>Lista copiilor admi\u0219i \u00een clasa preg\u0103titoare \u00een anul \u0219colar 2025-2026<\/strong><\/a><\/p>\n<p><img loading=\"lazy\" decoding=\"async\" src=\"https:\/\/scoala1moreni.ro\/nou\/wp-content\/uploads\/2025\/03\/ZILELE-PORTILOR-DESCHISE-3-300x251.png\" alt=\"\" width=\"300\" height=\"251\" \/><\/p>\n<p><a style=\"color: inherit; pointer-events: all; font-family: 'Open Sans', sans-serif; font-variant-ligatures: none;\" href=\"https:\/\/forms.gle\/3e1Wv8q9PjPMyKQR9\" target=\"_blank\" rel=\"noopener\">Raportare suspiciuni \u0219i fapte de violen\u021b\u0103\u00a0<\/a><\/p>\n<p dir=\"ltr\">CONDUCEREA \u015eCOLII:<\/p>\n<p dir=\"ltr\">DIRECTOR &#8211; Prof. Zaharia Elena Mihaela<\/p>\n<p dir=\"ltr\">DIRECTOR ADJUNCT &#8211; Prof.\u00a0 Moise Bogdan<\/p>\n<p>\t\t\t\t\t\t\t\t\t\t\t\t\t\t\t<img loading=\"lazy\" decoding=\"async\" width=\"488\" height=\"509\" src=\"https:\/\/scoala1moreni.ro\/nou\/wp-content\/uploads\/2024\/12\/sigla-2.png\" alt=\"\" srcset=\"https:\/\/scoala1moreni.ro\/nou\/wp-content\/uploads\/2024\/12\/sigla-2.png 488w, https:\/\/scoala1moreni.ro\/nou\/wp-content\/uploads\/2024\/12\/sigla-2-288x300.png 288w\" sizes=\"auto, (max-width: 488px) 100vw, 488px\" \/><br \/>\n\t\t\t\t\t\t\t\t\t\t\t\t\t\t\t<img loading=\"lazy\" decoding=\"async\" width=\"500\" height=\"351\" src=\"https:\/\/scoala1moreni.ro\/nou\/wp-content\/uploads\/2024\/12\/banner-2.png\" alt=\"\" srcset=\"https:\/\/scoala1moreni.ro\/nou\/wp-content\/uploads\/2024\/12\/banner-2.png 500w, https:\/\/scoala1moreni.ro\/nou\/wp-content\/uploads\/2024\/12\/banner-2-300x211.png 300w\" sizes=\"auto, (max-width: 500px) 100vw, 500px\" \/>\t\t\t\t\t\t\t\t\t\t\t\t\t\t\t<\/p>\n<p dir=\"ltr\">\u00a0<\/p>\n<p dir=\"ltr\"><strong>Istoricul unit\u0103\u0163ii de \u00eenv\u0103\u0163\u0103m\u00e2nt<\/strong><\/p>\n<p dir=\"ltr\">\u015ecoala Gimnazial\u0103 Nr.1 Moreni este situat\u0103 \u00een cartierul Stavropoleos, fiindu-i arondate \u015fi cartierele \u0162uicani, Tisa, Pietri\u015f, ale Municipiului Moreni, vechi centru petrolier, cartiere \u00een care predomin\u0103 casele particulare, cu o popula\u0163ie u\u015for \u00eemb\u0103tr\u00e2nit\u0103. \u015ecoala noastr\u0103 a luat fiin\u0163\u0103 \u00een anul 1887 cu denumirea de \u015ecoala Stavropoleos, dup\u0103 numele cartierului unde era situat\u0103 \u015fi a func\u0163ionat cu 2 clase tip SPIRU HARET, p\u00e2n\u0103 \u00een anul 1921. Din 1921 \u015fi p\u00e2n\u0103 \u00een 1948 a func\u0163ionat cu 4 clase. \u00cencep\u00e2nd cu anul 1948 s-a numit \u015ecoala cu clasele I-VIII Moreni \u015fi num\u0103rul de elevi a crescut pe m\u0103sur\u0103 ce industria petrolier\u0103 s-a dezvoltat. Num\u0103rul mare de elevi a permis activitatea \u00een dou\u0103 cicluri \u015fi cu clase paralele, activitate ce se desf\u0103\u015foar\u0103, \u00een acela\u015fi mod, \u015fi \u00een momentul actual. Primul document despre existen\u0163a \u015fcolii era catalogul din 1919 c\u00e2nd se consemna un total de 112 copii \u015fi existen\u0163a unei cl\u0103diri \u015fcolare cu dou\u0103 s\u0103li de clas\u0103 \u015fi cancelarie.<\/p>\n<p dir=\"ltr\">Din 1922 pe l\u00e2ng\u0103 \u015ecoala Stavropoleos func\u0163iona o \u015fcoal\u0103 industrial\u0103 de ucenici care avea c\u0103 director pe inginerul C. G. Antonescu, corpul didactic al acestei \u015fcoli fiind alc\u0103tuit din ingineri.<\/p>\n<p dir=\"ltr\">P\u00e2n\u0103 \u00een 1966, \u015ecolii nr.1 i se ad\u0103ug\u0103 alte s\u0103li de clas\u0103, astfel \u00eenc\u00e2t, odat\u0103 cu generalizarea \u00eenv\u0103\u0163\u0103m\u00e2ntului obligatoriu de 8 clase s\u0103 se asigure spa\u0163ial necesar de lucru. Pentru aceast\u0103 perioad\u0103 a r\u0103mas \u00een con\u015ftiin\u0163a localnicilor figura exemplar\u0103 a directului Radu \u015etefan, \u00eenv\u0103\u0163\u0103tor emerit.<\/p>\n<p dir=\"ltr\">La 12 martie 1987 un devastator incendiu distruge cl\u0103direa \u015fcolii. Urmeaz\u0103 o perioad\u0103 dificil\u0103 pentru aceast\u0103 unitate \u015fcolar\u0103, c\u00e2nd se pune \u00een discu\u0163ie, chiar \u015fi dispari\u0163ia ei prin absorb\u0163ie la \u015ecoala nr. 4.<\/p>\n<p dir=\"ltr\">Evenimentele din 1989 au schimbat radical situa\u0163ia \u015fi prin prezen\u0163a de spirit a prof. Gherghi\u015fan Tudor, atunci primar al Moreniului, se ob\u0163ine finan\u0163area pentru noul local de \u015fcoal\u0103.<\/p>\n<p dir=\"ltr\">\u015ecoala Gimnazial\u0103 Nr.1 Moreni func\u0163ioneaz\u0103 acum \u00eentr-un local nou, inaugurat la\u00a0<a href=\"http:\/\/old.presidency.ro\/index.php?_RID=det&amp;tb=date_arhiva&amp;id=113&amp;_PRID=arh\" target=\"_blank\" rel=\"noopener\">15 septembrie 1994<\/a>, \u00een prezen\u0163a pre\u015fedintelui de atunci al Rom\u00e2niei \u2013 Ion Iliescu. Beneficiind de cadre didactice bine preg\u0103tite, de un program \u015fcolar normal, cu cursuri numai diminea\u0163a, rezultatele de la \u015ecoala Stavropoleos continu\u0103 tradi\u0163ia valoroas\u0103 a \u00eenv\u0103\u0163\u0103m\u00e2ntului morenar, cunoscut tot mai bine \u00een \u0163ar\u0103.<\/p>\n<p dir=\"ltr\">Din 1994 baza materiala a \u015fcolii s-a \u00eembun\u0103t\u0103\u0163it permanent cu: re\u0163ea de calculatoare conectate la Internet, fond de carte \u00eennoit, cabinet de consiliere psihopedagogic\u0103, aparatur\u0103 pentru secretariat \u015fi bibliotec\u0103.<\/p>\n<p dir=\"ltr\">\u015ecoala s-a adaptat noilor cerin\u0163e \u00eenfiin\u0163\u00e2nd Centrul de Documentare \u015fi Informare (C.D.I.) inaugurat \u00een anul 2009, precum \u015fi prin construirea unei moderne s\u0103li de sport inaugurat\u0103 \u00een anul 2015.<\/p>\n<p dir=\"ltr\">Elevii \u015fcolii provin din mai multe cartiere ale Municipiului Moreni (N si NV) precum: TISA, STAVROPOLEOS, \u0162UICANI, PIETRI\u015e dar \u015fi din alte zone ale ora\u015fului \u015fi \u00eemprejurimile lui (Valea Lung\u0103, Iedera, Ghirdoveni \u015fi I.L.Caragiale).<\/p>\n<p>\t\t\t\t\t\t\t\t\t\t\t\t\t\t\t<img loading=\"lazy\" decoding=\"async\" width=\"337\" height=\"300\" src=\"https:\/\/scoala1moreni.ro\/nou\/wp-content\/uploads\/2024\/12\/scoala.png\" alt=\"\" srcset=\"https:\/\/scoala1moreni.ro\/nou\/wp-content\/uploads\/2024\/12\/scoala.png 337w, https:\/\/scoala1moreni.ro\/nou\/wp-content\/uploads\/2024\/12\/scoala-300x267.png 300w\" sizes=\"auto, (max-width: 337px) 100vw, 337px\" \/><br \/>\n\t\t\t\t\t\t\t\t\t\t\t\t\t\t\t<img loading=\"lazy\" decoding=\"async\" width=\"253\" height=\"416\" src=\"https:\/\/scoala1moreni.ro\/nou\/wp-content\/uploads\/2024\/12\/certificat-2017.jpg\" alt=\"\" srcset=\"https:\/\/scoala1moreni.ro\/nou\/wp-content\/uploads\/2024\/12\/certificat-2017.jpg 253w, https:\/\/scoala1moreni.ro\/nou\/wp-content\/uploads\/2024\/12\/certificat-2017-182x300.jpg 182w\" sizes=\"auto, (max-width: 253px) 100vw, 253px\" \/><br \/>\n\t\t\t\t\t\t\t\t\t\t\t\t\t\t\t<img decoding=\"async\" src=\"https:\/\/scoala1moreni.ro\/nou\/wp-content\/uploads\/elementor\/thumbs\/certificat-2022-qyczmvnyiycn5u6xi780tmq5t2vs7ogb30pn28x280.jpeg\" title=\"certificat-2022\" alt=\"certificat-2022\" loading=\"lazy\" \/>\t\t\t\t\t\t\t\t\t\t\t\t\t\t\t<\/p>\n<h2>Site \u0218coala Gimnazial\u0103 Nr. 3 Moreni<\/h2>\n<p>Apasa aici- <a href=\"https:\/\/scoala3moreni.ro\/new\/\">Link Sc. 3<\/a><\/p>\n<p>Apasa aici &#8211; <a href=\"https:\/\/scoala3moreni.ro\/\">Link site vechi\u00a0<\/a><\/p>\n","protected":false},"excerpt":{"rendered":"<p>Scoala Europeana 2025-2028 https:\/\/www.facebook.com\/groups\/999813810036528\/permalink\/30895066186751229\/ Acreditare Erasmus\u00a0 \ud83d\udc49\u00a0\u00a0scoala1comunicari.wixsite.com\/acreditareerasmus-1\u00a0 Codul de etic\u0103 Oferta \u0218colii Gimnaziale Nr.1 Moreni\u00a0 Calendarul de inscriere in invatamantul primar pentru anul scolar 2025-2026Etapa I 31.03.2025-06.05.2025 Completarea cererilor-tip de inscriere la unitatea de invatamant Depunerea cererilor-tip de inscriere la unitatea de invatamant, inclusiv a recomandarii de inscriere in clasa pregatitoare, dupa caz. Etapa II&hellip;&nbsp;<a href=\"https:\/\/scoala1moreni.ro\/nou\/\" rel=\"bookmark\"><span class=\"screen-reader-text\">Prima pagin\u0103<\/span><\/a><\/p>\n","protected":false},"author":1,"featured_media":0,"parent":0,"menu_order":0,"comment_status":"closed","ping_status":"open","template":"","meta":{"neve_meta_sidebar":"","neve_meta_container":"","neve_meta_enable_content_width":"","neve_meta_content_width":0,"neve_meta_title_alignment":"","neve_meta_author_avatar":"","neve_post_elements_order":"","neve_meta_disable_header":"","neve_meta_disable_footer":"","neve_meta_disable_title":"","footnotes":""},"class_list":["post-7","page","type-page","status-publish","hentry"],"_links":{"self":[{"href":"https:\/\/scoala1moreni.ro\/nou\/wp-json\/wp\/v2\/pages\/7","targetHints":{"allow":["GET"]}}],"collection":[{"href":"https:\/\/scoala1moreni.ro\/nou\/wp-json\/wp\/v2\/pages"}],"about":[{"href":"https:\/\/scoala1moreni.ro\/nou\/wp-json\/wp\/v2\/types\/page"}],"author":[{"embeddable":true,"href":"https:\/\/scoala1moreni.ro\/nou\/wp-json\/wp\/v2\/users\/1"}],"replies":[{"embeddable":true,"href":"https:\/\/scoala1moreni.ro\/nou\/wp-json\/wp\/v2\/comments?post=7"}],"version-history":[{"count":75,"href":"https:\/\/scoala1moreni.ro\/nou\/wp-json\/wp\/v2\/pages\/7\/revisions"}],"predecessor-version":[{"id":15899,"href":"https:\/\/scoala1moreni.ro\/nou\/wp-json\/wp\/v2\/pages\/7\/revisions\/15899"}],"wp:attachment":[{"href":"https:\/\/scoala1moreni.ro\/nou\/wp-json\/wp\/v2\/media?parent=7"}],"curies":[{"name":"wp","href":"https:\/\/api.w.org\/{rel}","templated":true}]}}